{"id":1022,"date":"2025-09-25T14:42:25","date_gmt":"2025-09-25T14:42:25","guid":{"rendered":"https:\/\/digitalheroes.ma\/apps\/mishka-sunglasses\/?post_type=product&#038;p=1022"},"modified":"2026-02-06T15:04:42","modified_gmt":"2026-02-06T15:04:42","slug":"24sa010","status":"publish","type":"product","link":"https:\/\/digitalheroes.ma\/apps\/mishka-sunglasses\/product\/24sa010\/","title":{"rendered":"Ayna 24SA010"},"content":{"rendered":"<p>Les lunettes de soleil <strong data-start=\"118\" data-end=\"132\">Ayna 24SA010<\/strong>\u00a0allient \u00e9l\u00e9gance et modernit\u00e9 pour un style raffin\u00e9 au quotidien. L\u00e9g\u00e8res et confortables, elles s\u2019adaptent facilement \u00e0 toutes les tenues tout en offrant une protection solaire fiable. Un accessoire chic et pratique pour compl\u00e9ter votre look.<\/p>\n","protected":false},"excerpt":{"rendered":"<p>Les lunettes de soleil <strong data-start=\"118\" data-end=\"132\">Ayna 24SA010<\/strong>\u00a0allient \u00e9l\u00e9gance et modernit\u00e9 pour un style raffin\u00e9 au quotidien. L\u00e9g\u00e8res et confortables, elles s\u2019adaptent facilement \u00e0 toutes les tenues tout en offrant une protection solaire fiable.<\/p>\n","protected":false},"featured_media":1319,"comment_status":"open","ping_status":"closed","template":"","meta":[],"product_brand":[],"product_cat":[27,26],"product_tag":[],"class_list":{"0":"post-1022","1":"product","2":"type-product","3":"status-publish","4":"has-post-thumbnail","6":"product_cat-femmes","7":"product_cat-hommes","9":"first","10":"instock","11":"shipping-taxable","12":"purchasable","13":"product-type-variable"},"_links":{"self":[{"href":"https:\/\/digitalheroes.ma\/apps\/mishka-sunglasses\/wp-json\/wp\/v2\/product\/1022","targetHints":{"allow":["GET"]}}],"collection":[{"href":"https:\/\/digitalheroes.ma\/apps\/mishka-sunglasses\/wp-json\/wp\/v2\/product"}],"about":[{"href":"https:\/\/digitalheroes.ma\/apps\/mishka-sunglasses\/wp-json\/wp\/v2\/types\/product"}],"replies":[{"embeddable":true,"href":"https:\/\/digitalheroes.ma\/apps\/mishka-sunglasses\/wp-json\/wp\/v2\/comments?post=1022"}],"wp:featuredmedia":[{"embeddable":true,"href":"https:\/\/digitalheroes.ma\/apps\/mishka-sunglasses\/wp-json\/wp\/v2\/media\/1319"}],"wp:attachment":[{"href":"https:\/\/digitalheroes.ma\/apps\/mishka-sunglasses\/wp-json\/wp\/v2\/media?parent=1022"}],"wp:term":[{"taxonomy":"product_brand","embeddable":true,"href":"https:\/\/digitalheroes.ma\/apps\/mishka-sunglasses\/wp-json\/wp\/v2\/product_brand?post=1022"},{"taxonomy":"product_cat","embeddable":true,"href":"https:\/\/digitalheroes.ma\/apps\/mishka-sunglasses\/wp-json\/wp\/v2\/product_cat?post=1022"},{"taxonomy":"product_tag","embeddable":true,"href":"https:\/\/digitalheroes.ma\/apps\/mishka-sunglasses\/wp-json\/wp\/v2\/product_tag?post=1022"}],"curies":[{"name":"wp","href":"https:\/\/api.w.org\/{rel}","templated":true}]}}