{"id":1061,"date":"2025-09-25T15:04:52","date_gmt":"2025-09-25T15:04:52","guid":{"rendered":"https:\/\/digitalheroes.ma\/apps\/mishka-sunglasses\/?post_type=product&#038;p=1061"},"modified":"2026-02-06T10:21:39","modified_gmt":"2026-02-06T10:21:39","slug":"22sa010","status":"publish","type":"product","link":"https:\/\/digitalheroes.ma\/apps\/mishka-sunglasses\/product\/22sa010\/","title":{"rendered":"Eyora 22SA010"},"content":{"rendered":"<p>Les lunettes de soleil <strong data-start=\"119\" data-end=\"136\">Eyora 22SA010<\/strong> allient style et praticit\u00e9 pour un look quotidien r\u00e9ussi. L\u00e9g\u00e8res et confortables, elles s\u2019adaptent \u00e0 toutes les tenues tout en offrant une protection solaire fiable. Un accessoire chic et facile \u00e0 porter au quotidien.<\/p>\n","protected":false},"excerpt":{"rendered":"<p>Les lunettes de soleil <strong data-start=\"119\" data-end=\"136\">Eyora 22SA010<\/strong> allient style et praticit\u00e9 pour un look quotidien r\u00e9ussi. L\u00e9g\u00e8res et confortables, elles s\u2019adaptent \u00e0 toutes les tenues tout en offrant une protection solaire fiable.<\/p>\n","protected":false},"featured_media":1102,"comment_status":"open","ping_status":"closed","template":"","meta":[],"product_brand":[],"product_cat":[27,26],"product_tag":[],"class_list":{"0":"post-1061","1":"product","2":"type-product","3":"status-publish","4":"has-post-thumbnail","6":"product_cat-femmes","7":"product_cat-hommes","9":"first","10":"instock","11":"shipping-taxable","12":"purchasable","13":"product-type-variable"},"_links":{"self":[{"href":"https:\/\/digitalheroes.ma\/apps\/mishka-sunglasses\/wp-json\/wp\/v2\/product\/1061","targetHints":{"allow":["GET"]}}],"collection":[{"href":"https:\/\/digitalheroes.ma\/apps\/mishka-sunglasses\/wp-json\/wp\/v2\/product"}],"about":[{"href":"https:\/\/digitalheroes.ma\/apps\/mishka-sunglasses\/wp-json\/wp\/v2\/types\/product"}],"replies":[{"embeddable":true,"href":"https:\/\/digitalheroes.ma\/apps\/mishka-sunglasses\/wp-json\/wp\/v2\/comments?post=1061"}],"wp:featuredmedia":[{"embeddable":true,"href":"https:\/\/digitalheroes.ma\/apps\/mishka-sunglasses\/wp-json\/wp\/v2\/media\/1102"}],"wp:attachment":[{"href":"https:\/\/digitalheroes.ma\/apps\/mishka-sunglasses\/wp-json\/wp\/v2\/media?parent=1061"}],"wp:term":[{"taxonomy":"product_brand","embeddable":true,"href":"https:\/\/digitalheroes.ma\/apps\/mishka-sunglasses\/wp-json\/wp\/v2\/product_brand?post=1061"},{"taxonomy":"product_cat","embeddable":true,"href":"https:\/\/digitalheroes.ma\/apps\/mishka-sunglasses\/wp-json\/wp\/v2\/product_cat?post=1061"},{"taxonomy":"product_tag","embeddable":true,"href":"https:\/\/digitalheroes.ma\/apps\/mishka-sunglasses\/wp-json\/wp\/v2\/product_tag?post=1061"}],"curies":[{"name":"wp","href":"https:\/\/api.w.org\/{rel}","templated":true}]}}