{"id":1110,"date":"2026-01-13T22:38:48","date_gmt":"2026-01-13T22:38:48","guid":{"rendered":"https:\/\/digitalheroes.ma\/apps\/mishka-sunglasses\/?post_type=product&#038;p=1110"},"modified":"2026-02-04T15:19:36","modified_gmt":"2026-02-04T15:19:36","slug":"mh133","status":"publish","type":"product","link":"https:\/\/digitalheroes.ma\/apps\/mishka-sunglasses\/product\/mh133\/","title":{"rendered":"Zivia MH133"},"content":{"rendered":"<p>Les lunettes de soleil <strong data-start=\"204\" data-end=\"221\">Zivia MH133<\/strong>\u00a0apportent une touche de glamour \u00e0 votre look au quotidien. Leur design moderne et brillant s\u2019adapte facilement \u00e0 toutes les tenues, que ce soit pour une sortie en ville ou une journ\u00e9e ensoleill\u00e9e. L\u00e9g\u00e8res et confortables, elles offrent une protection efficace contre le soleil tout en restant styl\u00e9es et faciles \u00e0 porter.<\/p>\n","protected":false},"excerpt":{"rendered":"<p>Les lunettes de soleil <strong data-start=\"204\" data-end=\"221\">Zivia MH133<\/strong>\u00a0apportent une touche de glamour \u00e0 votre look au quotidien. Leur design moderne et brillant s\u2019adapte facilement \u00e0 toutes les tenues, que ce soit pour une sortie en ville ou une journ\u00e9e ensoleill\u00e9e.<\/p>\n","protected":false},"featured_media":1116,"comment_status":"open","ping_status":"closed","template":"","meta":[],"product_brand":[],"product_cat":[27,26],"product_tag":[],"class_list":{"0":"post-1110","1":"product","2":"type-product","3":"status-publish","4":"has-post-thumbnail","6":"product_cat-femmes","7":"product_cat-hommes","9":"first","10":"instock","11":"shipping-taxable","12":"purchasable","13":"product-type-variable"},"_links":{"self":[{"href":"https:\/\/digitalheroes.ma\/apps\/mishka-sunglasses\/wp-json\/wp\/v2\/product\/1110","targetHints":{"allow":["GET"]}}],"collection":[{"href":"https:\/\/digitalheroes.ma\/apps\/mishka-sunglasses\/wp-json\/wp\/v2\/product"}],"about":[{"href":"https:\/\/digitalheroes.ma\/apps\/mishka-sunglasses\/wp-json\/wp\/v2\/types\/product"}],"replies":[{"embeddable":true,"href":"https:\/\/digitalheroes.ma\/apps\/mishka-sunglasses\/wp-json\/wp\/v2\/comments?post=1110"}],"wp:featuredmedia":[{"embeddable":true,"href":"https:\/\/digitalheroes.ma\/apps\/mishka-sunglasses\/wp-json\/wp\/v2\/media\/1116"}],"wp:attachment":[{"href":"https:\/\/digitalheroes.ma\/apps\/mishka-sunglasses\/wp-json\/wp\/v2\/media?parent=1110"}],"wp:term":[{"taxonomy":"product_brand","embeddable":true,"href":"https:\/\/digitalheroes.ma\/apps\/mishka-sunglasses\/wp-json\/wp\/v2\/product_brand?post=1110"},{"taxonomy":"product_cat","embeddable":true,"href":"https:\/\/digitalheroes.ma\/apps\/mishka-sunglasses\/wp-json\/wp\/v2\/product_cat?post=1110"},{"taxonomy":"product_tag","embeddable":true,"href":"https:\/\/digitalheroes.ma\/apps\/mishka-sunglasses\/wp-json\/wp\/v2\/product_tag?post=1110"}],"curies":[{"name":"wp","href":"https:\/\/api.w.org\/{rel}","templated":true}]}}