{"id":947,"date":"2025-09-25T12:13:42","date_gmt":"2025-09-25T12:13:42","guid":{"rendered":"https:\/\/digitalheroes.ma\/apps\/mishka-sunglasses\/?post_type=product&#038;p=947"},"modified":"2026-02-06T13:59:47","modified_gmt":"2026-02-06T13:59:47","slug":"l76888","status":"publish","type":"product","link":"https:\/\/digitalheroes.ma\/apps\/mishka-sunglasses\/product\/l76888\/","title":{"rendered":"Ayla L76888"},"content":{"rendered":"<p>Les lunettes de soleil <strong data-start=\"147\" data-end=\"162\">Ayla L76888<\/strong> allient chic et raffinement pour un style \u00e9l\u00e9gant au quotidien. L\u00e9g\u00e8res et confortables, elles se portent facilement avec toutes les tenues tout en offrant une protection solaire efficace. Un accessoire simple et \u00e9l\u00e9gant pour compl\u00e9ter votre look avec style.<\/p>\n","protected":false},"excerpt":{"rendered":"<p>Les lunettes de soleil <strong data-start=\"147\" data-end=\"162\">Ayla L76888<\/strong> allient chic et raffinement pour un style \u00e9l\u00e9gant au quotidien. L\u00e9g\u00e8res et confortables, elles se portent facilement avec toutes les tenues tout en offrant une protection solaire efficace.<\/p>\n","protected":false},"featured_media":1298,"comment_status":"open","ping_status":"closed","template":"","meta":[],"product_brand":[],"product_cat":[27,26],"product_tag":[],"class_list":{"0":"post-947","1":"product","2":"type-product","3":"status-publish","4":"has-post-thumbnail","6":"product_cat-femmes","7":"product_cat-hommes","9":"first","10":"instock","11":"shipping-taxable","12":"purchasable","13":"product-type-variable"},"_links":{"self":[{"href":"https:\/\/digitalheroes.ma\/apps\/mishka-sunglasses\/wp-json\/wp\/v2\/product\/947","targetHints":{"allow":["GET"]}}],"collection":[{"href":"https:\/\/digitalheroes.ma\/apps\/mishka-sunglasses\/wp-json\/wp\/v2\/product"}],"about":[{"href":"https:\/\/digitalheroes.ma\/apps\/mishka-sunglasses\/wp-json\/wp\/v2\/types\/product"}],"replies":[{"embeddable":true,"href":"https:\/\/digitalheroes.ma\/apps\/mishka-sunglasses\/wp-json\/wp\/v2\/comments?post=947"}],"wp:featuredmedia":[{"embeddable":true,"href":"https:\/\/digitalheroes.ma\/apps\/mishka-sunglasses\/wp-json\/wp\/v2\/media\/1298"}],"wp:attachment":[{"href":"https:\/\/digitalheroes.ma\/apps\/mishka-sunglasses\/wp-json\/wp\/v2\/media?parent=947"}],"wp:term":[{"taxonomy":"product_brand","embeddable":true,"href":"https:\/\/digitalheroes.ma\/apps\/mishka-sunglasses\/wp-json\/wp\/v2\/product_brand?post=947"},{"taxonomy":"product_cat","embeddable":true,"href":"https:\/\/digitalheroes.ma\/apps\/mishka-sunglasses\/wp-json\/wp\/v2\/product_cat?post=947"},{"taxonomy":"product_tag","embeddable":true,"href":"https:\/\/digitalheroes.ma\/apps\/mishka-sunglasses\/wp-json\/wp\/v2\/product_tag?post=947"}],"curies":[{"name":"wp","href":"https:\/\/api.w.org\/{rel}","templated":true}]}}