{"id":958,"date":"2025-09-25T12:21:40","date_gmt":"2025-09-25T12:21:40","guid":{"rendered":"https:\/\/digitalheroes.ma\/apps\/mishka-sunglasses\/?post_type=product&#038;p=958"},"modified":"2026-02-06T14:42:10","modified_gmt":"2026-02-06T14:42:10","slug":"jy3647","status":"publish","type":"product","link":"https:\/\/digitalheroes.ma\/apps\/mishka-sunglasses\/product\/jy3647\/","title":{"rendered":"Nael JY3647"},"content":{"rendered":"<p>Les lunettes de soleil <strong data-start=\"164\" data-end=\"179\">Nael JY3647<\/strong> apportent une sophistication intemporelle \u00e0 votre style quotidien. L\u00e9g\u00e8res et confortables, elles se portent facilement avec toutes les tenues tout en offrant une protection solaire fiable. Un accessoire \u00e9l\u00e9gant et raffin\u00e9 pour sublimer votre look en toute simplicit\u00e9.<\/p>\n","protected":false},"excerpt":{"rendered":"<p>Les lunettes de soleil <strong data-start=\"164\" data-end=\"179\">Nael JY3647<\/strong> apportent une sophistication intemporelle \u00e0 votre style quotidien. L\u00e9g\u00e8res et confortables, elles se portent facilement avec toutes les tenues tout en offrant une protection solaire fiable.<\/p>\n","protected":false},"featured_media":1312,"comment_status":"open","ping_status":"closed","template":"","meta":[],"product_brand":[],"product_cat":[27,26],"product_tag":[],"class_list":{"0":"post-958","1":"product","2":"type-product","3":"status-publish","4":"has-post-thumbnail","6":"product_cat-femmes","7":"product_cat-hommes","9":"first","10":"instock","11":"shipping-taxable","12":"purchasable","13":"product-type-variable"},"_links":{"self":[{"href":"https:\/\/digitalheroes.ma\/apps\/mishka-sunglasses\/wp-json\/wp\/v2\/product\/958","targetHints":{"allow":["GET"]}}],"collection":[{"href":"https:\/\/digitalheroes.ma\/apps\/mishka-sunglasses\/wp-json\/wp\/v2\/product"}],"about":[{"href":"https:\/\/digitalheroes.ma\/apps\/mishka-sunglasses\/wp-json\/wp\/v2\/types\/product"}],"replies":[{"embeddable":true,"href":"https:\/\/digitalheroes.ma\/apps\/mishka-sunglasses\/wp-json\/wp\/v2\/comments?post=958"}],"wp:featuredmedia":[{"embeddable":true,"href":"https:\/\/digitalheroes.ma\/apps\/mishka-sunglasses\/wp-json\/wp\/v2\/media\/1312"}],"wp:attachment":[{"href":"https:\/\/digitalheroes.ma\/apps\/mishka-sunglasses\/wp-json\/wp\/v2\/media?parent=958"}],"wp:term":[{"taxonomy":"product_brand","embeddable":true,"href":"https:\/\/digitalheroes.ma\/apps\/mishka-sunglasses\/wp-json\/wp\/v2\/product_brand?post=958"},{"taxonomy":"product_cat","embeddable":true,"href":"https:\/\/digitalheroes.ma\/apps\/mishka-sunglasses\/wp-json\/wp\/v2\/product_cat?post=958"},{"taxonomy":"product_tag","embeddable":true,"href":"https:\/\/digitalheroes.ma\/apps\/mishka-sunglasses\/wp-json\/wp\/v2\/product_tag?post=958"}],"curies":[{"name":"wp","href":"https:\/\/api.w.org\/{rel}","templated":true}]}}