{"id":980,"date":"2025-09-25T14:12:11","date_gmt":"2025-09-25T14:12:11","guid":{"rendered":"https:\/\/digitalheroes.ma\/apps\/mishka-sunglasses\/?post_type=product&#038;p=980"},"modified":"2026-02-06T14:32:50","modified_gmt":"2026-02-06T14:32:50","slug":"jy1648","status":"publish","type":"product","link":"https:\/\/digitalheroes.ma\/apps\/mishka-sunglasses\/product\/jy1648\/","title":{"rendered":"Basiya JY1648"},"content":{"rendered":"<p>Les lunettes de soleil <strong data-start=\"143\" data-end=\"160\">Basiya JY1648<\/strong> offrent un confort intemporel, parfait pour un usage quotidien. L\u00e9g\u00e8res et agr\u00e9ables \u00e0 porter, elles s\u2019adaptent facilement \u00e0 toutes les tenues tout en assurant une protection solaire efficace. Un accessoire simple et \u00e9l\u00e9gant pour accompagner votre style jour apr\u00e8s jour.<\/p>\n","protected":false},"excerpt":{"rendered":"<p>Les lunettes de soleil <strong data-start=\"143\" data-end=\"160\">Basiya JY1648<\/strong> offrent un confort intemporel, parfait pour un usage quotidien. L\u00e9g\u00e8res et agr\u00e9ables \u00e0 porter, elles s\u2019adaptent facilement \u00e0 toutes les tenues tout en assurant une protection solaire efficace.<\/p>\n","protected":false},"featured_media":1309,"comment_status":"open","ping_status":"closed","template":"","meta":[],"product_brand":[],"product_cat":[27,26],"product_tag":[],"class_list":{"0":"post-980","1":"product","2":"type-product","3":"status-publish","4":"has-post-thumbnail","6":"product_cat-femmes","7":"product_cat-hommes","9":"first","10":"instock","11":"shipping-taxable","12":"purchasable","13":"product-type-variable"},"_links":{"self":[{"href":"https:\/\/digitalheroes.ma\/apps\/mishka-sunglasses\/wp-json\/wp\/v2\/product\/980","targetHints":{"allow":["GET"]}}],"collection":[{"href":"https:\/\/digitalheroes.ma\/apps\/mishka-sunglasses\/wp-json\/wp\/v2\/product"}],"about":[{"href":"https:\/\/digitalheroes.ma\/apps\/mishka-sunglasses\/wp-json\/wp\/v2\/types\/product"}],"replies":[{"embeddable":true,"href":"https:\/\/digitalheroes.ma\/apps\/mishka-sunglasses\/wp-json\/wp\/v2\/comments?post=980"}],"wp:featuredmedia":[{"embeddable":true,"href":"https:\/\/digitalheroes.ma\/apps\/mishka-sunglasses\/wp-json\/wp\/v2\/media\/1309"}],"wp:attachment":[{"href":"https:\/\/digitalheroes.ma\/apps\/mishka-sunglasses\/wp-json\/wp\/v2\/media?parent=980"}],"wp:term":[{"taxonomy":"product_brand","embeddable":true,"href":"https:\/\/digitalheroes.ma\/apps\/mishka-sunglasses\/wp-json\/wp\/v2\/product_brand?post=980"},{"taxonomy":"product_cat","embeddable":true,"href":"https:\/\/digitalheroes.ma\/apps\/mishka-sunglasses\/wp-json\/wp\/v2\/product_cat?post=980"},{"taxonomy":"product_tag","embeddable":true,"href":"https:\/\/digitalheroes.ma\/apps\/mishka-sunglasses\/wp-json\/wp\/v2\/product_tag?post=980"}],"curies":[{"name":"wp","href":"https:\/\/api.w.org\/{rel}","templated":true}]}}